{"id":217,"date":"2025-05-14T13:06:15","date_gmt":"2025-05-14T13:06:15","guid":{"rendered":"https:\/\/anastasiatasic.com\/home\/"},"modified":"2026-02-10T11:36:55","modified_gmt":"2026-02-10T11:36:55","slug":"home","status":"publish","type":"page","link":"https:\/\/anastasiatasic.com\/sr\/","title":{"rendered":"Dobrodo\u0161li!"},"content":{"rendered":"<p>Nai\u0161li ste na moj ve\u010dito nezavr\u0161en \u0107o\u0161ak na internetu.<\/p>\n\n\n\n<p><\/p>\n\n\n\n<p>Slobodno procunjajte i pogledajte trenutno stanje - ova skupina stranica se \u010desto transformi\u0161e i \u010desto mo\u017eete videti ne\u0161to skroz novo! <\/p>","protected":false},"excerpt":{"rendered":"<p>You have stumbled upon my work in progress website, make yourself comfortable. Let&#8217;s meet! My name is Anastasia, I am a painter, sculptor and tattoo artist. Please feel free to browse this website that will always be a work in progress.<\/p>","protected":false},"author":1,"featured_media":1607,"parent":0,"menu_order":1,"comment_status":"closed","ping_status":"closed","template":"","meta":{"footnotes":""},"class_list":["post-217","page","type-page","status-publish","has-post-thumbnail","hentry"],"_links":{"self":[{"href":"https:\/\/anastasiatasic.com\/sr\/wp-json\/wp\/v2\/pages\/217","targetHints":{"allow":["GET"]}}],"collection":[{"href":"https:\/\/anastasiatasic.com\/sr\/wp-json\/wp\/v2\/pages"}],"about":[{"href":"https:\/\/anastasiatasic.com\/sr\/wp-json\/wp\/v2\/types\/page"}],"author":[{"embeddable":true,"href":"https:\/\/anastasiatasic.com\/sr\/wp-json\/wp\/v2\/users\/1"}],"replies":[{"embeddable":true,"href":"https:\/\/anastasiatasic.com\/sr\/wp-json\/wp\/v2\/comments?post=217"}],"version-history":[{"count":8,"href":"https:\/\/anastasiatasic.com\/sr\/wp-json\/wp\/v2\/pages\/217\/revisions"}],"predecessor-version":[{"id":1727,"href":"https:\/\/anastasiatasic.com\/sr\/wp-json\/wp\/v2\/pages\/217\/revisions\/1727"}],"wp:featuredmedia":[{"embeddable":true,"href":"https:\/\/anastasiatasic.com\/sr\/wp-json\/wp\/v2\/media\/1607"}],"wp:attachment":[{"href":"https:\/\/anastasiatasic.com\/sr\/wp-json\/wp\/v2\/media?parent=217"}],"curies":[{"name":"wp","href":"https:\/\/api.w.org\/{rel}","templated":true}]}}