{"id":219,"date":"2025-05-14T13:06:15","date_gmt":"2025-05-14T13:06:15","guid":{"rendered":"https:\/\/anastasiatasic.com\/services\/"},"modified":"2026-02-05T16:04:05","modified_gmt":"2026-02-05T16:04:05","slug":"services","status":"publish","type":"page","link":"https:\/\/anastasiatasic.com\/sr\/services\/","title":{"rendered":"TATTOO FLASH"},"content":{"rendered":"<p>SKICE ZA TETOVA\u017dE<\/p>\n\n\n\n<p>Sve slike u ovom delu su skice za mogu\u0107e tetova\u017ee. Neke su ve\u0107 uzete ili rezervisane, ali ovde stoje kao primer \u0161ta je sve mogu\u0107e. Uvek mogu napraviti novi crte\u017e u duhu skice koja vam se dopada, u slu\u010daju da nije dostupna.<\/p>\n\n\n\n<p>Tako\u0111e volim praviti franken\u0161tajn verzije svojih skica (npr. ako  vam se sa jednog crte\u017ea dopada list biljke, sa drugog latice, bodlje ili drugi detalji). Svaka skica se tako\u0111e mo\u017ee prilagoditi kako bi bolje izgledala na odre\u0111enom delu tela ili u prostoru na ko\u017ei koji je dostupan.<\/p>\n\n\n\n<p>Volim raditi tetova\u017ee u boji kao i jednobojne tetova\u017ee. Svaka boja u kompoziciji se mo\u017ee izmeniti po potrebi, i uvek vas mogu savetovati na osnovu mog iskustva sa odre\u0111enim nijansama i time kako one zapravo izgledaju kad zarastu.<\/p>\n\n\n\n<p>Mo\u017eete na\u0107i jo\u0161 skica u hajlajts delu moje<a href=\"https:\/\/www.instagram.com\/anastasia_tasic?igsh=MTVwZjV0bHh2ZGtqaA%3D%3D&amp;utm_source=qr\"> instagram stranice<\/a>. <\/p>\n\n\n\n<div style=\"height:21px\" aria-hidden=\"true\" class=\"wp-block-spacer\"><\/div>\n\n\n\n<div class=\"wp-block-buttons is-layout-flex wp-block-buttons-is-layout-flex\">\n<div class=\"wp-block-button has-custom-width wp-block-button__width-100\"><a class=\"wp-block-button__link wp-element-button\" href=\"https:\/\/forms.gle\/HzN8mXDNFMTJtiVC6\">raspitaj se \/ zaka\u017ei termin<\/a><\/div>\n<\/div>\n\n\n\n<p><\/p>\n\n\n\n<figure class=\"wp-block-image size-large\"><img loading=\"lazy\" decoding=\"async\" width=\"724\" height=\"1024\" src=\"https:\/\/anastasiatasic.com\/wp-content\/uploads\/2025\/05\/IMG_0931-724x1024.jpeg\" alt=\"\" class=\"wp-image-1619\" srcset=\"https:\/\/anastasiatasic.com\/wp-content\/uploads\/2025\/05\/IMG_0931-724x1024.jpeg 724w, https:\/\/anastasiatasic.com\/wp-content\/uploads\/2025\/05\/IMG_0931-212x300.jpeg 212w, https:\/\/anastasiatasic.com\/wp-content\/uploads\/2025\/05\/IMG_0931-768x1086.jpeg 768w, https:\/\/anastasiatasic.com\/wp-content\/uploads\/2025\/05\/IMG_0931-1086x1536.jpeg 1086w, https:\/\/anastasiatasic.com\/wp-content\/uploads\/2025\/05\/IMG_0931-1448x2048.jpeg 1448w, https:\/\/anastasiatasic.com\/wp-content\/uploads\/2025\/05\/IMG_0931-scaled.jpeg 1810w\" sizes=\"auto, (max-width: 724px) 100vw, 724px\" \/><\/figure>\n\n\n\n<figure class=\"wp-block-image size-large\"><img loading=\"lazy\" decoding=\"async\" width=\"724\" height=\"1024\" src=\"https:\/\/anastasiatasic.com\/wp-content\/uploads\/2025\/05\/IMG_0930-724x1024.jpeg\" alt=\"\" class=\"wp-image-1620\" srcset=\"https:\/\/anastasiatasic.com\/wp-content\/uploads\/2025\/05\/IMG_0930-724x1024.jpeg 724w, https:\/\/anastasiatasic.com\/wp-content\/uploads\/2025\/05\/IMG_0930-212x300.jpeg 212w, https:\/\/anastasiatasic.com\/wp-content\/uploads\/2025\/05\/IMG_0930-768x1086.jpeg 768w, https:\/\/anastasiatasic.com\/wp-content\/uploads\/2025\/05\/IMG_0930-1086x1536.jpeg 1086w, https:\/\/anastasiatasic.com\/wp-content\/uploads\/2025\/05\/IMG_0930-1448x2048.jpeg 1448w, https:\/\/anastasiatasic.com\/wp-content\/uploads\/2025\/05\/IMG_0930-scaled.jpeg 1810w\" sizes=\"auto, (max-width: 724px) 100vw, 724px\" \/><\/figure>\n\n\n\n<figure class=\"wp-block-image size-large\"><img loading=\"lazy\" decoding=\"async\" width=\"724\" height=\"1024\" src=\"https:\/\/anastasiatasic.com\/wp-content\/uploads\/2025\/05\/IMG_0932-724x1024.jpeg\" alt=\"\" class=\"wp-image-1625\" srcset=\"https:\/\/anastasiatasic.com\/wp-content\/uploads\/2025\/05\/IMG_0932-724x1024.jpeg 724w, https:\/\/anastasiatasic.com\/wp-content\/uploads\/2025\/05\/IMG_0932-212x300.jpeg 212w, https:\/\/anastasiatasic.com\/wp-content\/uploads\/2025\/05\/IMG_0932-768x1086.jpeg 768w, https:\/\/anastasiatasic.com\/wp-content\/uploads\/2025\/05\/IMG_0932-1086x1536.jpeg 1086w, https:\/\/anastasiatasic.com\/wp-content\/uploads\/2025\/05\/IMG_0932-1448x2048.jpeg 1448w, https:\/\/anastasiatasic.com\/wp-content\/uploads\/2025\/05\/IMG_0932-scaled.jpeg 1810w\" sizes=\"auto, (max-width: 724px) 100vw, 724px\" \/><\/figure>\n\n\n\n<figure class=\"wp-block-image size-large\"><img loading=\"lazy\" decoding=\"async\" width=\"724\" height=\"1024\" src=\"https:\/\/anastasiatasic.com\/wp-content\/uploads\/2025\/05\/IMG_0934-724x1024.jpeg\" alt=\"\" class=\"wp-image-1629\" srcset=\"https:\/\/anastasiatasic.com\/wp-content\/uploads\/2025\/05\/IMG_0934-724x1024.jpeg 724w, https:\/\/anastasiatasic.com\/wp-content\/uploads\/2025\/05\/IMG_0934-212x300.jpeg 212w, https:\/\/anastasiatasic.com\/wp-content\/uploads\/2025\/05\/IMG_0934-768x1086.jpeg 768w, https:\/\/anastasiatasic.com\/wp-content\/uploads\/2025\/05\/IMG_0934-1086x1536.jpeg 1086w, https:\/\/anastasiatasic.com\/wp-content\/uploads\/2025\/05\/IMG_0934-1448x2048.jpeg 1448w, https:\/\/anastasiatasic.com\/wp-content\/uploads\/2025\/05\/IMG_0934-scaled.jpeg 1810w\" sizes=\"auto, (max-width: 724px) 100vw, 724px\" \/><\/figure>\n\n\n\n<figure class=\"wp-block-image size-large\"><img loading=\"lazy\" decoding=\"async\" width=\"768\" height=\"1024\" src=\"https:\/\/anastasiatasic.com\/wp-content\/uploads\/2026\/02\/IMG_2363-768x1024.jpeg\" alt=\"\" class=\"wp-image-1703\" srcset=\"https:\/\/anastasiatasic.com\/wp-content\/uploads\/2026\/02\/IMG_2363-768x1024.jpeg 768w, https:\/\/anastasiatasic.com\/wp-content\/uploads\/2026\/02\/IMG_2363-225x300.jpeg 225w, https:\/\/anastasiatasic.com\/wp-content\/uploads\/2026\/02\/IMG_2363-1152x1536.jpeg 1152w, https:\/\/anastasiatasic.com\/wp-content\/uploads\/2026\/02\/IMG_2363-1536x2048.jpeg 1536w, https:\/\/anastasiatasic.com\/wp-content\/uploads\/2026\/02\/IMG_2363-scaled.jpeg 1920w\" sizes=\"auto, (max-width: 768px) 100vw, 768px\" \/><\/figure>\n\n\n\n<figure class=\"wp-block-image size-large\"><img loading=\"lazy\" decoding=\"async\" width=\"768\" height=\"1024\" src=\"https:\/\/anastasiatasic.com\/wp-content\/uploads\/2026\/02\/IMG_2362-768x1024.jpeg\" alt=\"\" class=\"wp-image-1702\" srcset=\"https:\/\/anastasiatasic.com\/wp-content\/uploads\/2026\/02\/IMG_2362-768x1024.jpeg 768w, https:\/\/anastasiatasic.com\/wp-content\/uploads\/2026\/02\/IMG_2362-225x300.jpeg 225w, https:\/\/anastasiatasic.com\/wp-content\/uploads\/2026\/02\/IMG_2362-1152x1536.jpeg 1152w, https:\/\/anastasiatasic.com\/wp-content\/uploads\/2026\/02\/IMG_2362-1536x2048.jpeg 1536w, https:\/\/anastasiatasic.com\/wp-content\/uploads\/2026\/02\/IMG_2362-scaled.jpeg 1920w\" sizes=\"auto, (max-width: 768px) 100vw, 768px\" \/><\/figure>\n\n\n\n<figure class=\"wp-block-image size-large\"><img loading=\"lazy\" decoding=\"async\" width=\"2560\" height=\"2560\" src=\"https:\/\/anastasiatasic.com\/wp-content\/uploads\/2026\/02\/IMG_2364-edited-scaled.jpeg\" alt=\"\" class=\"wp-image-1715\" srcset=\"https:\/\/anastasiatasic.com\/wp-content\/uploads\/2026\/02\/IMG_2364-edited-scaled.jpeg 2560w, https:\/\/anastasiatasic.com\/wp-content\/uploads\/2026\/02\/IMG_2364-edited-300x300.jpeg 300w, https:\/\/anastasiatasic.com\/wp-content\/uploads\/2026\/02\/IMG_2364-edited-1024x1024.jpeg 1024w, https:\/\/anastasiatasic.com\/wp-content\/uploads\/2026\/02\/IMG_2364-edited-150x150.jpeg 150w, https:\/\/anastasiatasic.com\/wp-content\/uploads\/2026\/02\/IMG_2364-edited-768x768.jpeg 768w, https:\/\/anastasiatasic.com\/wp-content\/uploads\/2026\/02\/IMG_2364-edited-1536x1536.jpeg 1536w, https:\/\/anastasiatasic.com\/wp-content\/uploads\/2026\/02\/IMG_2364-edited-2048x2048.jpeg 2048w\" sizes=\"auto, (max-width: 2560px) 100vw, 2560px\" \/><\/figure>\n\n\n\n<figure class=\"wp-block-image size-large\"><img loading=\"lazy\" decoding=\"async\" width=\"768\" height=\"1024\" src=\"https:\/\/anastasiatasic.com\/wp-content\/uploads\/2026\/02\/IMG_2365-768x1024.jpeg\" alt=\"\" class=\"wp-image-1705\" srcset=\"https:\/\/anastasiatasic.com\/wp-content\/uploads\/2026\/02\/IMG_2365-768x1024.jpeg 768w, https:\/\/anastasiatasic.com\/wp-content\/uploads\/2026\/02\/IMG_2365-225x300.jpeg 225w, https:\/\/anastasiatasic.com\/wp-content\/uploads\/2026\/02\/IMG_2365-1152x1536.jpeg 1152w, https:\/\/anastasiatasic.com\/wp-content\/uploads\/2026\/02\/IMG_2365-1536x2048.jpeg 1536w, https:\/\/anastasiatasic.com\/wp-content\/uploads\/2026\/02\/IMG_2365-scaled.jpeg 1920w\" sizes=\"auto, (max-width: 768px) 100vw, 768px\" \/><\/figure>\n\n\n\n<figure class=\"wp-block-image size-large\"><img loading=\"lazy\" decoding=\"async\" width=\"768\" height=\"1024\" src=\"https:\/\/anastasiatasic.com\/wp-content\/uploads\/2026\/02\/IMG_2371-768x1024.jpeg\" alt=\"\" class=\"wp-image-1714\" srcset=\"https:\/\/anastasiatasic.com\/wp-content\/uploads\/2026\/02\/IMG_2371-768x1024.jpeg 768w, https:\/\/anastasiatasic.com\/wp-content\/uploads\/2026\/02\/IMG_2371-225x300.jpeg 225w, https:\/\/anastasiatasic.com\/wp-content\/uploads\/2026\/02\/IMG_2371-1152x1536.jpeg 1152w, https:\/\/anastasiatasic.com\/wp-content\/uploads\/2026\/02\/IMG_2371-1536x2048.jpeg 1536w, https:\/\/anastasiatasic.com\/wp-content\/uploads\/2026\/02\/IMG_2371-scaled.jpeg 1920w\" sizes=\"auto, (max-width: 768px) 100vw, 768px\" \/><\/figure>\n\n\n\n<figure class=\"wp-block-image size-large\"><img loading=\"lazy\" decoding=\"async\" width=\"768\" height=\"1024\" src=\"https:\/\/anastasiatasic.com\/wp-content\/uploads\/2026\/02\/IMG_2374-768x1024.jpeg\" alt=\"\" class=\"wp-image-1711\" srcset=\"https:\/\/anastasiatasic.com\/wp-content\/uploads\/2026\/02\/IMG_2374-768x1024.jpeg 768w, https:\/\/anastasiatasic.com\/wp-content\/uploads\/2026\/02\/IMG_2374-225x300.jpeg 225w, https:\/\/anastasiatasic.com\/wp-content\/uploads\/2026\/02\/IMG_2374-1152x1536.jpeg 1152w, https:\/\/anastasiatasic.com\/wp-content\/uploads\/2026\/02\/IMG_2374-1536x2048.jpeg 1536w, https:\/\/anastasiatasic.com\/wp-content\/uploads\/2026\/02\/IMG_2374-scaled.jpeg 1920w\" sizes=\"auto, (max-width: 768px) 100vw, 768px\" \/><\/figure>\n\n\n\n<figure class=\"wp-block-image size-large\"><img loading=\"lazy\" decoding=\"async\" width=\"768\" height=\"1024\" src=\"https:\/\/anastasiatasic.com\/wp-content\/uploads\/2026\/02\/IMG_2366-768x1024.jpeg\" alt=\"\" class=\"wp-image-1706\" srcset=\"https:\/\/anastasiatasic.com\/wp-content\/uploads\/2026\/02\/IMG_2366-768x1024.jpeg 768w, https:\/\/anastasiatasic.com\/wp-content\/uploads\/2026\/02\/IMG_2366-225x300.jpeg 225w, https:\/\/anastasiatasic.com\/wp-content\/uploads\/2026\/02\/IMG_2366-1152x1536.jpeg 1152w, https:\/\/anastasiatasic.com\/wp-content\/uploads\/2026\/02\/IMG_2366-1536x2048.jpeg 1536w, https:\/\/anastasiatasic.com\/wp-content\/uploads\/2026\/02\/IMG_2366-scaled.jpeg 1920w\" sizes=\"auto, (max-width: 768px) 100vw, 768px\" \/><\/figure>","protected":false},"excerpt":{"rendered":"<p>FLASH ( examples of work ) All the images in this section are sketches for possible tattoos. Some of them are already taken, but it is always posible to request a new version in the spirit of the sketch that your eyes chose, if it happens that it was already done before. I can even [&hellip;]<\/p>","protected":false},"author":1,"featured_media":0,"parent":0,"menu_order":0,"comment_status":"closed","ping_status":"closed","template":"","meta":{"footnotes":""},"class_list":["post-219","page","type-page","status-publish","hentry"],"_links":{"self":[{"href":"https:\/\/anastasiatasic.com\/sr\/wp-json\/wp\/v2\/pages\/219","targetHints":{"allow":["GET"]}}],"collection":[{"href":"https:\/\/anastasiatasic.com\/sr\/wp-json\/wp\/v2\/pages"}],"about":[{"href":"https:\/\/anastasiatasic.com\/sr\/wp-json\/wp\/v2\/types\/page"}],"author":[{"embeddable":true,"href":"https:\/\/anastasiatasic.com\/sr\/wp-json\/wp\/v2\/users\/1"}],"replies":[{"embeddable":true,"href":"https:\/\/anastasiatasic.com\/sr\/wp-json\/wp\/v2\/comments?post=219"}],"version-history":[{"count":17,"href":"https:\/\/anastasiatasic.com\/sr\/wp-json\/wp\/v2\/pages\/219\/revisions"}],"predecessor-version":[{"id":1721,"href":"https:\/\/anastasiatasic.com\/sr\/wp-json\/wp\/v2\/pages\/219\/revisions\/1721"}],"wp:attachment":[{"href":"https:\/\/anastasiatasic.com\/sr\/wp-json\/wp\/v2\/media?parent=219"}],"curies":[{"name":"wp","href":"https:\/\/api.w.org\/{rel}","templated":true}]}}