{"id":220,"date":"2025-05-14T13:06:15","date_gmt":"2025-05-14T13:06:15","guid":{"rendered":"https:\/\/anastasiatasic.com\/contact\/"},"modified":"2026-02-10T11:40:46","modified_gmt":"2026-02-10T11:40:46","slug":"contact","status":"publish","type":"page","link":"https:\/\/anastasiatasic.com\/sr\/contact\/","title":{"rendered":"Kontakt\/Zaka\u017ei"},"content":{"rendered":"<p>Zdravo! Evo nekih informacija koje vam mo\u017eda mogu biti od pomo\u0107i, u vezi tetoviranja kod mene:<\/p>\n\n\n\n<p>Radim u svom ku\u0107nom studiju u Beogradu i najvi\u0161e volim raditi ve\u0107e projekte - ve\u0107ina skica za tetova\u017ee koje mo\u017eete videti ovde su za tetova\u017ee veli\u010dine 13-20cm. Ponekad organizujem dan za male tetova\u017ee, bacite povremeno oko na moj instagram, uvek \u0107e biti najavljeno unapred.<\/p>\n\n\n\n<p>Moj stil tetoviranja je nekakov samouki \u2018fine line\u2019 stil koji razvijam od 2020. godine. Ako si navikla\/o na tradicionalne tetova\u017ee, imaj na umu da tetoviranje na moj na\u010din traje dosta du\u017ee, kako bi bilo mogu\u0107e izvesti fine senke i linije koje mo\u017ee\u0161 videti na mojim tetova\u017eama.<\/p>\n\n\n\n<p>Google forma za prijavljivanje slu\u017ei samo za prvobitni upit, tako da nemojte brinuti ako niste jo\u0161 uvek sigurni \u0161ta \u017eelite, to se uvek mo\u017ee smisliti i dogovoriti kroz proces.<\/p>\n\n\n\n<p>Izabrani crte\u017e se uvek mo\u017ee izmeniti tako da vam savr\u0161eno stoji i tako\u0111e nemojte se ustru\u010davati da tra\u017eite izmenu pozicije tetova\u017ee. Meni je jako bitno da ste u potpunosti zadovoljni rezultatom.<\/p>\n\n\n\n<p>Uvek nudim jednu sesija za ispravku ili doradu tetova\u017ee u slu\u010daju da neki deo nije dobro zarastao, ili nismo iz ovog ili onog razloga tetova\u017eu zavr\u0161ili u jednom terminu. Ovaj termin mora biti zakazan 3 meseca do godinu dana nakon inicijalne izrade tetova\u017ee.<\/p>\n\n\n\n<p>Nakon \u0161to popuni\u0161 i po\u0161alje\u0161 formular za zakazivanje, ja \u0107u te kontaktirati i predlo\u017eiti mogu\u0107e datume za tetoviranje. Na svojim instagram storijima \u010desto objavljujem koliko je slobodnih datuma preostalo. <\/p>\n\n\n\n<div style=\"height:var(--wp--preset--spacing--30)\" aria-hidden=\"true\" class=\"wp-block-spacer\"><\/div>\n\n\n\n<div class=\"wp-block-buttons is-layout-flex wp-block-buttons-is-layout-flex\">\n<div class=\"wp-block-button has-custom-width wp-block-button__width-100\"><a class=\"wp-block-button__link wp-element-button\" href=\"https:\/\/forms.gle\/HzN8mXDNFMTJtiVC6\">ZAKA\u017dI TETOVA\u017dU<\/a><\/div>\n<\/div>\n\n\n\n<div style=\"height:var(--wp--preset--spacing--30)\" aria-hidden=\"true\" class=\"wp-block-spacer\"><\/div>\n\n\n\n<p>za op\u0161ta pitanja mo\u017eete mi pisati na anastasiatasic@gmail.com ili me kontaktirati preko moje <strong><a title=\"\" href=\"https:\/\/www.instagram.com\/anastasia_tasic?igsh=MTVwZjV0bHh2ZGtqaA%3D%3D&amp;utm_source=qr\" target=\"_blank\" rel=\"noopener\">instagram stranice<\/a><\/strong>.<\/p>","protected":false},"excerpt":{"rendered":"<p>Hello! Here is some information that could help you with booking a tattoo: I work from my home studio in Belgrade. I prefer bigger projects and my flash designs are mostly 13cm-20cm (there are exceptions to this). Sometimes I may do a flash day so keep an eye on my instagram if you\u2019re looking for [&hellip;]<\/p>","protected":false},"author":1,"featured_media":0,"parent":0,"menu_order":0,"comment_status":"closed","ping_status":"closed","template":"","meta":{"footnotes":""},"class_list":["post-220","page","type-page","status-publish","hentry"],"_links":{"self":[{"href":"https:\/\/anastasiatasic.com\/sr\/wp-json\/wp\/v2\/pages\/220","targetHints":{"allow":["GET"]}}],"collection":[{"href":"https:\/\/anastasiatasic.com\/sr\/wp-json\/wp\/v2\/pages"}],"about":[{"href":"https:\/\/anastasiatasic.com\/sr\/wp-json\/wp\/v2\/types\/page"}],"author":[{"embeddable":true,"href":"https:\/\/anastasiatasic.com\/sr\/wp-json\/wp\/v2\/users\/1"}],"replies":[{"embeddable":true,"href":"https:\/\/anastasiatasic.com\/sr\/wp-json\/wp\/v2\/comments?post=220"}],"version-history":[{"count":10,"href":"https:\/\/anastasiatasic.com\/sr\/wp-json\/wp\/v2\/pages\/220\/revisions"}],"predecessor-version":[{"id":1729,"href":"https:\/\/anastasiatasic.com\/sr\/wp-json\/wp\/v2\/pages\/220\/revisions\/1729"}],"wp:attachment":[{"href":"https:\/\/anastasiatasic.com\/sr\/wp-json\/wp\/v2\/media?parent=220"}],"curies":[{"name":"wp","href":"https:\/\/api.w.org\/{rel}","templated":true}]}}